{"id":2070,"date":"2022-04-26T08:52:59","date_gmt":"2022-04-26T15:52:59","guid":{"rendered":"https:\/\/commons.royalroads.ca\/dsocsciprogrampage\/?page_id=2070"},"modified":"2025-03-11T13:37:30","modified_gmt":"2025-03-11T20:37:30","slug":"2022-summer-cohort","status":"publish","type":"page","link":"https:\/\/commons.royalroads.ca\/dsocsciprogrampage\/2022-summer-cohort\/","title":{"rendered":"2022 Summer Cohort"},"content":{"rendered":"[et_pb_section fb_built=&#8221;1&#8243; admin_label=&#8221;Section &#8211; Background colour&#8221; _builder_version=&#8221;4.19.0&#8243; _module_preset=&#8221;49592c4d-a348-4c22-8876-a23c955d4cb5&#8243; background_color=&#8221;#BC006F&#8221; background_color_gradient_direction=&#8221;105deg&#8221; min_height=&#8221;149px&#8221; custom_margin=&#8221;-30px||-30px||false|false&#8221; custom_padding=&#8221;60px|0px|60px|0px&#8221; locked=&#8221;off&#8221; global_colors_info=&#8221;{}&#8221;][et_pb_row _builder_version=&#8221;4.16&#8243; custom_margin=&#8221;||||false|false&#8221; custom_padding=&#8221;||||false|false&#8221; global_colors_info=&#8221;{}&#8221;][et_pb_column type=&#8221;4_4&#8243; _builder_version=&#8221;4.16&#8243; custom_padding=&#8221;|||&#8221; global_colors_info=&#8221;{}&#8221; custom_padding__hover=&#8221;|||&#8221;][et_pb_text admin_label=&#8221;Meet our students header text&#8221; _builder_version=&#8221;4.19.4&#8243; text_font=&#8221;Poppins||||||||&#8221; text_text_color=&#8221;rgba(255,255,255,0.8)&#8221; text_font_size=&#8221;18px&#8221; text_line_height=&#8221;1.8em&#8221; header_font=&#8221;Poppins|600|||||||&#8221; header_text_color=&#8221;#ffffff&#8221; header_font_size=&#8221;48px&#8221; header_line_height=&#8221;1.4em&#8221; header_3_font=&#8221;Poppins|600|||||||&#8221; header_3_font_size=&#8221;36px&#8221; header_3_line_height=&#8221;1.4em&#8221; background_layout=&#8221;dark&#8221; module_alignment=&#8221;left&#8221; custom_margin=&#8221;|160px||||&#8221; global_colors_info=&#8221;{}&#8221;]\n<h1>Meet Our Students (2022 Summer)<\/h1>\n<p>Read the biographies of our Doctor of Social Sciences students below.<\/p>\n[\/et_pb_text][\/et_pb_column][\/et_pb_row][\/et_pb_section][et_pb_section fb_built=&#8221;1&#8243; admin_label=&#8221;Section &#8211; Students&#8221; _builder_version=&#8221;4.16&#8243; background_color=&#8221;#fafbfc&#8221; custom_padding=&#8221;|0px|110px|0px|false|false&#8221; global_colors_info=&#8221;{}&#8221;][et_pb_row column_structure=&#8221;1_3,1_3,1_3&#8243; use_custom_gutter=&#8221;on&#8221; gutter_width=&#8221;2&#8243; make_equal=&#8221;on&#8221; custom_padding_last_edited=&#8221;on|desktop&#8221; _builder_version=&#8221;4.17.4&#8243; custom_padding=&#8221;|||&#8221; custom_padding_tablet=&#8221;0px||0px|&#8221; custom_padding_phone=&#8221;&#8221; custom_css_main_element=&#8221;height: 100%;&#8221; locked=&#8221;off&#8221; global_colors_info=&#8221;{}&#8221;][et_pb_column type=&#8221;1_3&#8243; _builder_version=&#8221;4.16&#8243; custom_padding=&#8221;|||&#8221; global_colors_info=&#8221;{}&#8221; custom_padding__hover=&#8221;|||&#8221;][et_pb_team_member name=&#8221;Kory Cheshire&#8221; position=&#8221;Doctoral Student&#8221; image_url=&#8221;https:\/\/commons.royalroads.ca\/dsocsciprogrampage\/wp-content\/uploads\/sites\/139\/2022\/12\/Kory-Cheshire.png&#8221; db_link_target=&#8221;on&#8221; icon_color=&#8221;#44d89e&#8221; admin_label=&#8221;Kory Cheshire&#8221; module_id=&#8221;bali&#8221; _builder_version=&#8221;4.19.4&#8243; header_font=&#8221;Poppins|500|||||||&#8221; header_text_color=&#8221;#486066&#8243; header_font_size=&#8221;18px&#8221; body_font=&#8221;Open Sans||||||||&#8221; body_line_height=&#8221;1.8em&#8221; background_color=&#8221;#ffffff&#8221; text_orientation=&#8221;center&#8221; max_width=&#8221;360px&#8221; module_alignment=&#8221;center&#8221; custom_margin=&#8221;|||&#8221; custom_padding=&#8221;30px|30px|30px|30px&#8221; animation_style=&#8221;fade&#8221; link_option_url=&#8221;https:\/\/commons.royalroads.ca\/dsocsciprogrampage\/kory-cheshire&#8221; custom_css_main_element=&#8221;height: 100%;&#8221; border_radii=&#8221;on|6px|6px|6px|6px&#8221; box_shadow_style=&#8221;preset1&#8243; box_shadow_vertical=&#8221;10px&#8221; box_shadow_blur=&#8221;24px&#8221; box_shadow_spread=&#8221;6px&#8221; box_shadow_color=&#8221;rgba(0,0,0,0.06)&#8221; icon_hover_color=&#8221;#353740&#8243; global_colors_info=&#8221;{}&#8221; icon_color__hover=&#8221;#353740&#8243; icon_color__hover_enabled=&#8221;on&#8221;]\n<p>Kory Cheshire is a newly recruited instructor for Keyano College in Fort McMurray, Alberta. Kory is responsible for the Sociology department within the School of University Studies, Career Programs and Academic Upgrading.<\/p>\n<p><a href=\"https:\/\/commons.royalroads.ca\/dsocsciprogrampage\/kory-cheshire\/\">Read more<\/a><\/p>\n[\/et_pb_team_member][\/et_pb_column][et_pb_column type=&#8221;1_3&#8243; _builder_version=&#8221;4.16&#8243; custom_padding=&#8221;|||&#8221; global_colors_info=&#8221;{}&#8221; custom_padding__hover=&#8221;|||&#8221;][et_pb_team_member name=&#8221;Rachel Claus&#8221; position=&#8221;Doctoral Student&#8221; image_url=&#8221;https:\/\/commons.royalroads.ca\/dsocsciprogrampage\/wp-content\/uploads\/sites\/139\/2022\/12\/Rachel-Claus-1.png&#8221; db_link_target=&#8221;on&#8221; icon_color=&#8221;#44d89e&#8221; admin_label=&#8221;Rachel Claus&#8221; module_id=&#8221;walter&#8221; _builder_version=&#8221;4.19.4&#8243; header_font=&#8221;Poppins|500|||||||&#8221; header_text_color=&#8221;#486066&#8243; header_font_size=&#8221;18px&#8221; body_font=&#8221;Open Sans||||||||&#8221; body_line_height=&#8221;1.8em&#8221; background_color=&#8221;#ffffff&#8221; text_orientation=&#8221;center&#8221; max_width=&#8221;360px&#8221; module_alignment=&#8221;center&#8221; custom_margin=&#8221;|||&#8221; custom_padding=&#8221;30px|30px|30px|30px&#8221; animation_style=&#8221;fade&#8221; link_option_url=&#8221;https:\/\/commons.royalroads.ca\/dsocsciprogrampage\/rachel-claus&#8221; custom_css_main_element=&#8221;height: 100%;&#8221; border_radii=&#8221;on|6px|6px|6px|6px&#8221; box_shadow_style=&#8221;preset1&#8243; box_shadow_vertical=&#8221;10px&#8221; box_shadow_blur=&#8221;24px&#8221; box_shadow_spread=&#8221;6px&#8221; box_shadow_color=&#8221;rgba(0,0,0,0.06)&#8221; icon_hover_color=&#8221;#353740&#8243; global_colors_info=&#8221;{}&#8221; icon_color__hover=&#8221;#353740&#8243; icon_color__hover_enabled=&#8221;on&#8221;]\n<p>Rachel Claus is a Research Assistant who works with researchers and organizations to develop evaluation strategies to improve effectiveness. Claus believes that research needs to go beyond knowledge production in order to be useful in solving problems; the process is as important as the product.<\/p>\n<p><a href=\"https:\/\/commons.royalroads.ca\/dsocsciprogrampage\/rachel-claus\">Read more<\/a><\/p>\n[\/et_pb_team_member][\/et_pb_column][et_pb_column type=&#8221;1_3&#8243; _builder_version=&#8221;4.16&#8243; custom_padding=&#8221;|||&#8221; global_colors_info=&#8221;{}&#8221; custom_padding__hover=&#8221;|||&#8221;][et_pb_team_member name=&#8221;Wendy Gao&#8221; position=&#8221;Doctoral Student&#8221; image_url=&#8221;https:\/\/commons.royalroads.ca\/dsocsciprogrampage\/wp-content\/uploads\/sites\/139\/2022\/12\/Wendy-Gao.png&#8221; db_link_target=&#8221;on&#8221; icon_color=&#8221;#44d89e&#8221; admin_label=&#8221;Wendy Gao&#8221; module_id=&#8221;tasha&#8221; _builder_version=&#8221;4.19.4&#8243; header_font=&#8221;Poppins|500|||||||&#8221; header_text_color=&#8221;#486066&#8243; header_font_size=&#8221;18px&#8221; body_font=&#8221;Open Sans||||||||&#8221; body_line_height=&#8221;1.8em&#8221; background_color=&#8221;#ffffff&#8221; text_orientation=&#8221;center&#8221; max_width=&#8221;360px&#8221; module_alignment=&#8221;center&#8221; custom_margin=&#8221;|||&#8221; custom_padding=&#8221;30px|30px|30px|30px&#8221; animation_style=&#8221;fade&#8221; animation_delay=&#8221;200ms&#8221; link_option_url=&#8221;https:\/\/commons.royalroads.ca\/dsocsciprogrampage\/wei-wendy-gao\/&#8221; border_radii=&#8221;on|6px|6px|6px|6px&#8221; box_shadow_style=&#8221;preset1&#8243; box_shadow_vertical=&#8221;10px&#8221; box_shadow_blur=&#8221;24px&#8221; box_shadow_spread=&#8221;6px&#8221; box_shadow_color=&#8221;rgba(0,0,0,0.06)&#8221; icon_hover_color=&#8221;#353740&#8243; locked=&#8221;off&#8221; global_colors_info=&#8221;{}&#8221; icon_color__hover=&#8221;#353740&#8243; icon_color__hover_enabled=&#8221;on&#8221;]\n<p>I am Wei (Wendy) Gao who is an associate professor at the Communication University of China. I have 15 years of teaching experience in the area of the history of cinematography and photography.<\/p>\n<p><a href=\"https:\/\/commons.royalroads.ca\/dsocsciprogrampage\/wei-wendy-gao\/\">Read more<\/a><\/p>\n[\/et_pb_team_member][\/et_pb_column][\/et_pb_row][et_pb_row column_structure=&#8221;1_3,1_3,1_3&#8243; use_custom_gutter=&#8221;on&#8221; gutter_width=&#8221;2&#8243; make_equal=&#8221;on&#8221; custom_padding_last_edited=&#8221;on|desktop&#8221; module_id=&#8221;denise&#8221; _builder_version=&#8221;4.16&#8243; custom_padding=&#8221;|||&#8221; custom_padding_tablet=&#8221;0px||0px|&#8221; custom_padding_phone=&#8221;&#8221; custom_css_main_element=&#8221;height: 100%;&#8221; locked=&#8221;off&#8221; global_colors_info=&#8221;{}&#8221;][et_pb_column type=&#8221;1_3&#8243; _builder_version=&#8221;4.16&#8243; custom_padding=&#8221;|||&#8221; global_colors_info=&#8221;{}&#8221; custom_padding__hover=&#8221;|||&#8221;][et_pb_team_member name=&#8221;Lan Luong&#8221; position=&#8221;Doctoral Student&#8221; image_url=&#8221;https:\/\/commons.royalroads.ca\/dsocsciprogrampage\/wp-content\/uploads\/sites\/139\/2022\/12\/Lan-Luong.png&#8221; db_link_target=&#8221;on&#8221; icon_color=&#8221;#44d89e&#8221; admin_label=&#8221;Lan Luong&#8221; module_id=&#8221;georganne&#8221; _builder_version=&#8221;4.19.4&#8243; header_font=&#8221;Poppins|500|||||||&#8221; header_text_color=&#8221;#486066&#8243; header_font_size=&#8221;18px&#8221; body_font=&#8221;Open Sans||||||||&#8221; body_line_height=&#8221;1.8em&#8221; background_color=&#8221;#ffffff&#8221; text_orientation=&#8221;center&#8221; max_width=&#8221;360px&#8221; module_alignment=&#8221;center&#8221; custom_margin=&#8221;|||&#8221; custom_padding=&#8221;30px|30px|30px|30px&#8221; animation_style=&#8221;fade&#8221; link_option_url=&#8221;https:\/\/commons.royalroads.ca\/dsocsciprogrampage\/lan-luong&#8221; custom_css_main_element=&#8221;height: 100%;&#8221; border_radii=&#8221;on|6px|6px|6px|6px&#8221; box_shadow_style=&#8221;preset1&#8243; box_shadow_vertical=&#8221;10px&#8221; box_shadow_blur=&#8221;24px&#8221; box_shadow_spread=&#8221;6px&#8221; box_shadow_color=&#8221;rgba(0,0,0,0.06)&#8221; icon_hover_color=&#8221;#353740&#8243; global_colors_info=&#8221;{}&#8221; icon_color__hover=&#8221;#353740&#8243; icon_color__hover_enabled=&#8221;on&#8221;]\n<p>Lan strives to live wholeheartedly; living life powerfully and a life she loves. Lan lived in Saskatchewan for over a decade when she arrived to Canada at the age of 5 with her family before moving to British Columbia, where she currently resides in the lower mainland.<\/p>\n<p><a href=\"https:\/\/commons.royalroads.ca\/dsocsciprogrampage\/lan-luong\/\">Read more<\/a><\/p>\n[\/et_pb_team_member][\/et_pb_column][et_pb_column type=&#8221;1_3&#8243; _builder_version=&#8221;4.16&#8243; custom_padding=&#8221;|||&#8221; global_colors_info=&#8221;{}&#8221; custom_padding__hover=&#8221;|||&#8221;][et_pb_team_member name=&#8221;Vivienne Momoh&#8221; position=&#8221;Doctoral Student&#8221; image_url=&#8221;https:\/\/commons.royalroads.ca\/dsocsciprogrampage\/wp-content\/uploads\/sites\/139\/2023\/08\/Vivienne2023-DSOCSCIcohort-photos-640&#215;600-1.png&#8221; db_link_target=&#8221;on&#8221; icon_color=&#8221;#44d89e&#8221; admin_label=&#8221;Vivienne Momoh&#8221; module_id=&#8221;gina&#8221; _builder_version=&#8221;4.21.2&#8243; header_font=&#8221;Poppins|500|||||||&#8221; header_text_color=&#8221;#486066&#8243; header_font_size=&#8221;18px&#8221; body_font=&#8221;Open Sans||||||||&#8221; body_line_height=&#8221;1.8em&#8221; background_color=&#8221;#ffffff&#8221; text_orientation=&#8221;center&#8221; max_width=&#8221;360px&#8221; module_alignment=&#8221;center&#8221; custom_margin=&#8221;|||&#8221; custom_padding=&#8221;30px|30px|30px|30px&#8221; animation_style=&#8221;fade&#8221; animation_delay=&#8221;100ms&#8221; link_option_url=&#8221;https:\/\/commons.royalroads.ca\/dsocsciprogrampage\/vivienne-momoh\/&#8221; hover_enabled=&#8221;0&#8243; custom_css_main_element=&#8221;height: 100%;&#8221; border_radii=&#8221;on|6px|6px|6px|6px&#8221; box_shadow_style=&#8221;preset1&#8243; box_shadow_vertical=&#8221;10px&#8221; box_shadow_blur=&#8221;24px&#8221; box_shadow_spread=&#8221;6px&#8221; box_shadow_color=&#8221;rgba(0,0,0,0.06)&#8221; icon_hover_color=&#8221;#353740&#8243; global_colors_info=&#8221;{}&#8221; icon_color__hover=&#8221;#353740&#8243; icon_color__hover_enabled=&#8221;on&#8221; title_text=&#8221;Vivienne2023-DSOCSCIcohort-photos-640&#215;600&#8243; sticky_enabled=&#8221;0&#8243;]\n<p>Vivienne Momoh has over 20 years of local and international industry experience traversing several industries (energy, financial and education sectors). With specialties in educational leadership, international projects, programming, and content design, Momoh served in several capacities across Western Canada, Central Asia, and Africa.<\/p>\n<p><a href=\"https:\/\/commons.royalroads.ca\/dsocsciprogrampage\/vivienne-momoh\/\">Read more<\/a><\/p>\n[\/et_pb_team_member][\/et_pb_column][et_pb_column type=&#8221;1_3&#8243; _builder_version=&#8221;4.16&#8243; custom_padding=&#8221;|||&#8221; global_colors_info=&#8221;{}&#8221; custom_padding__hover=&#8221;|||&#8221;][et_pb_team_member name=&#8221;Joan Owen&#8221; position=&#8221;Doctoral Student&#8221; image_url=&#8221;https:\/\/commons.royalroads.ca\/dsocsciprogrampage\/wp-content\/uploads\/sites\/139\/2022\/12\/Joan-Owen.png&#8221; db_link_target=&#8221;on&#8221; icon_color=&#8221;#44d89e&#8221; admin_label=&#8221;Joan Owen&#8221; module_id=&#8221;lucy&#8221; _builder_version=&#8221;4.19.4&#8243; header_font=&#8221;Poppins|500|||||||&#8221; header_text_color=&#8221;#486066&#8243; header_font_size=&#8221;18px&#8221; body_font=&#8221;Open Sans||||||||&#8221; body_line_height=&#8221;1.8em&#8221; background_color=&#8221;#ffffff&#8221; text_orientation=&#8221;center&#8221; max_width=&#8221;360px&#8221; module_alignment=&#8221;center&#8221; custom_margin=&#8221;|||&#8221; custom_padding=&#8221;30px|30px|30px|30px&#8221; animation_style=&#8221;fade&#8221; animation_delay=&#8221;200ms&#8221; link_option_url=&#8221;https:\/\/commons.royalroads.ca\/dsocsciprogrampage\/joan-owen&#8221; custom_css_main_element=&#8221;height: 100%;&#8221; border_radii=&#8221;on|6px|6px|6px|6px&#8221; box_shadow_style=&#8221;preset1&#8243; box_shadow_vertical=&#8221;10px&#8221; box_shadow_blur=&#8221;24px&#8221; box_shadow_spread=&#8221;6px&#8221; box_shadow_color=&#8221;rgba(0,0,0,0.06)&#8221; icon_hover_color=&#8221;#353740&#8243; locked=&#8221;off&#8221; global_colors_info=&#8221;{}&#8221; icon_color__hover=&#8221;#353740&#8243; icon_color__hover_enabled=&#8221;on&#8221;]\n<p>Joan Owen is a life-long learner who has a passion for the humanities and being of service to those in her community through coaching, sharing, conversations, and kindness. Joan believes her purpose is to be of service to others through encouraging them to be their best selves.<\/p>\n<p><a href=\"https:\/\/commons.royalroads.ca\/dsocsciprogrampage\/joan-owen\/\">Read more<\/a><\/p>\n[\/et_pb_team_member][\/et_pb_column][\/et_pb_row][et_pb_row column_structure=&#8221;1_3,1_3,1_3&#8243; use_custom_gutter=&#8221;on&#8221; gutter_width=&#8221;2&#8243; make_equal=&#8221;on&#8221; custom_padding_last_edited=&#8221;on|desktop&#8221; _builder_version=&#8221;4.16&#8243; custom_padding=&#8221;|||&#8221; custom_padding_tablet=&#8221;0px||0px|&#8221; custom_padding_phone=&#8221;&#8221; locked=&#8221;off&#8221; global_colors_info=&#8221;{}&#8221;][et_pb_column type=&#8221;1_3&#8243; _builder_version=&#8221;4.16&#8243; custom_padding=&#8221;|||&#8221; global_colors_info=&#8221;{}&#8221; custom_padding__hover=&#8221;|||&#8221;][et_pb_team_member name=&#8221;Shawna Yamkovy&#8221; position=&#8221;Doctoral Student&#8221; image_url=&#8221;https:\/\/commons.royalroads.ca\/dsocsciprogrampage\/wp-content\/uploads\/sites\/139\/2022\/12\/Shawna-Yamkovy.png&#8221; db_link_target=&#8221;on&#8221; icon_color=&#8221;#44d89e&#8221; admin_label=&#8221;Shawna Yamkovy&#8221; module_id=&#8221;lucy&#8221; _builder_version=&#8221;4.19.4&#8243; header_font=&#8221;Poppins|500|||||||&#8221; header_text_color=&#8221;#486066&#8243; header_font_size=&#8221;18px&#8221; body_font=&#8221;Open Sans||||||||&#8221; body_line_height=&#8221;1.8em&#8221; background_color=&#8221;#ffffff&#8221; text_orientation=&#8221;center&#8221; max_width=&#8221;360px&#8221; module_alignment=&#8221;center&#8221; custom_margin=&#8221;|||&#8221; custom_padding=&#8221;30px|30px|30px|30px&#8221; animation_style=&#8221;fade&#8221; animation_delay=&#8221;200ms&#8221; link_option_url=&#8221;https:\/\/commons.royalroads.ca\/dsocsciprogrampage\/shawna-yamkovy\/&#8221; custom_css_main_element=&#8221;height: 100%;&#8221; border_radii=&#8221;on|6px|6px|6px|6px&#8221; box_shadow_style=&#8221;preset1&#8243; box_shadow_vertical=&#8221;10px&#8221; box_shadow_blur=&#8221;24px&#8221; box_shadow_spread=&#8221;6px&#8221; box_shadow_color=&#8221;rgba(0,0,0,0.06)&#8221; icon_hover_color=&#8221;#353740&#8243; locked=&#8221;off&#8221; global_colors_info=&#8221;{}&#8221; icon_color__hover=&#8221;#353740&#8243; icon_color__hover_enabled=&#8221;on&#8221;]\n<p>Shawna is a member of the \u0141u\u0301ts\u00ebl K&#8217;e\u0301 Dene First Nation, located on the shores of Great Slave Lake in the beautiful Northwest Territories.\u00a0 Shawna is a proud <em>D\u00ebnes\u0173\u0142\u0131\u0328n\u00e9<\/em>\/Ukrainian raised in Edmonton, with a strong connection to her family.<\/p>\n<p><a href=\"https:\/\/commons.royalroads.ca\/dsocsciprogrampage\/shawna-yamkovy\/\">Read more<\/a><\/p>\n[\/et_pb_team_member][\/et_pb_column][et_pb_column type=&#8221;1_3&#8243; _builder_version=&#8221;4.16&#8243; custom_padding=&#8221;|||&#8221; global_colors_info=&#8221;{}&#8221; custom_padding__hover=&#8221;|||&#8221;][\/et_pb_column][et_pb_column type=&#8221;1_3&#8243; _builder_version=&#8221;4.16&#8243; custom_padding=&#8221;|||&#8221; global_colors_info=&#8221;{}&#8221; custom_padding__hover=&#8221;|||&#8221;][\/et_pb_column][\/et_pb_row][\/et_pb_section]\n","protected":false},"excerpt":{"rendered":"<p>Meet Our Students (2022 Summer) Read the biographies of our Doctor of Social Sciences students below.Kory Cheshire is a newly recruited instructor for Keyano College in Fort McMurray, Alberta. Kory is responsible for the Sociology department within the School of University Studies, Career Programs and Academic Upgrading. Read moreRachel Claus is a Research Assistant who [&hellip;]<\/p>\n","protected":false},"author":316,"featured_media":0,"parent":0,"menu_order":9,"comment_status":"closed","ping_status":"closed","template":"","meta":{"_et_pb_use_builder":"on","_et_pb_old_content":"","_et_gb_content_width":"","_monsterinsights_skip_tracking":false,"_monsterinsights_sitenote_active":false,"_monsterinsights_sitenote_note":"","_monsterinsights_sitenote_category":0,"footnotes":""},"class_list":["post-2070","page","type-page","status-publish","hentry"],"_links":{"self":[{"href":"https:\/\/commons.royalroads.ca\/dsocsciprogrampage\/wp-json\/wp\/v2\/pages\/2070","targetHints":{"allow":["GET"]}}],"collection":[{"href":"https:\/\/commons.royalroads.ca\/dsocsciprogrampage\/wp-json\/wp\/v2\/pages"}],"about":[{"href":"https:\/\/commons.royalroads.ca\/dsocsciprogrampage\/wp-json\/wp\/v2\/types\/page"}],"author":[{"embeddable":true,"href":"https:\/\/commons.royalroads.ca\/dsocsciprogrampage\/wp-json\/wp\/v2\/users\/316"}],"replies":[{"embeddable":true,"href":"https:\/\/commons.royalroads.ca\/dsocsciprogrampage\/wp-json\/wp\/v2\/comments?post=2070"}],"version-history":[{"count":47,"href":"https:\/\/commons.royalroads.ca\/dsocsciprogrampage\/wp-json\/wp\/v2\/pages\/2070\/revisions"}],"predecessor-version":[{"id":3748,"href":"https:\/\/commons.royalroads.ca\/dsocsciprogrampage\/wp-json\/wp\/v2\/pages\/2070\/revisions\/3748"}],"wp:attachment":[{"href":"https:\/\/commons.royalroads.ca\/dsocsciprogrampage\/wp-json\/wp\/v2\/media?parent=2070"}],"curies":[{"name":"wp","href":"https:\/\/api.w.org\/{rel}","templated":true}]}}